{"id":14932,"date":"2020-08-28T04:53:34","date_gmt":"2020-08-28T02:53:34","guid":{"rendered":"https:\/\/wpbingosite.com\/wordpress\/funio\/order-tracking\/"},"modified":"2022-06-08T14:19:04","modified_gmt":"2022-06-08T12:19:04","slug":"order-tracking","status":"publish","type":"page","link":"https:\/\/moethennessy-partners.pl\/index.php\/order-tracking\/","title":{"rendered":"\u015aledzenie zam\u00f3wie\u0144"},"content":{"rendered":"<div class=\"woocommerce\"><\/div>\n","protected":false},"excerpt":{"rendered":"","protected":false},"author":1,"featured_media":0,"parent":0,"menu_order":0,"comment_status":"closed","ping_status":"closed","template":"page-templates\/default-page.php","meta":{"footnotes":""},"class_list":["post-14932","page","type-page","status-publish","hentry"],"jetpack_sharing_enabled":true,"_links":{"self":[{"href":"https:\/\/moethennessy-partners.pl\/index.php\/wp-json\/wp\/v2\/pages\/14932","targetHints":{"allow":["GET"]}}],"collection":[{"href":"https:\/\/moethennessy-partners.pl\/index.php\/wp-json\/wp\/v2\/pages"}],"about":[{"href":"https:\/\/moethennessy-partners.pl\/index.php\/wp-json\/wp\/v2\/types\/page"}],"author":[{"embeddable":true,"href":"https:\/\/moethennessy-partners.pl\/index.php\/wp-json\/wp\/v2\/users\/1"}],"replies":[{"embeddable":true,"href":"https:\/\/moethennessy-partners.pl\/index.php\/wp-json\/wp\/v2\/comments?post=14932"}],"version-history":[{"count":1,"href":"https:\/\/moethennessy-partners.pl\/index.php\/wp-json\/wp\/v2\/pages\/14932\/revisions"}],"predecessor-version":[{"id":17924,"href":"https:\/\/moethennessy-partners.pl\/index.php\/wp-json\/wp\/v2\/pages\/14932\/revisions\/17924"}],"wp:attachment":[{"href":"https:\/\/moethennessy-partners.pl\/index.php\/wp-json\/wp\/v2\/media?parent=14932"}],"curies":[{"name":"wp","href":"https:\/\/api.w.org\/{rel}","templated":true}]}}