{"id":18013,"date":"2022-06-09T09:40:00","date_gmt":"2022-06-09T07:40:00","guid":{"rendered":"https:\/\/moethennessy-partners.pl\/?post_type=product&#038;p=18013"},"modified":"2026-03-20T13:52:01","modified_gmt":"2026-03-20T12:52:01","slug":"moet-chandon-rose-imperial","status":"publish","type":"product","link":"https:\/\/moethennessy-partners.pl\/index.php\/product\/moet-chandon-rose-imperial\/","title":{"rendered":"MO\u00cbT &#038; CHANDON ROS\u00c9 IMP\u00c9RIAL, 0,75L"},"content":{"rendered":"<div class=\"row\">\n<div class=\"small-12 large-6 end columns\">\n<div class=\"product-description mb30\">\n<div class=\"row\">\n<div class=\"small-12 large-6 end columns\">\n<div class=\"product-description mb30\">\n<p class=\"jquery-typographer jquery-typographer-orphan\">Mo\u00ebt &amp; Chandon Ros\u00e9 Imp\u00e9rial to uwodzicielska i\u00a0ekscytuj\u0105ca propozycja Domu Szampa\u0144skiego Mo\u00ebt &amp; Chandon. Szampan wyr\u00f3\u017cnia si\u0119 niezwyk\u0142\u0105 r\u00f3\u017cow\u0105 barw\u0105 r\u00f3\u017cowy z\u00a0bursztynowymi refleksami, powsta\u0142\u0105 w\u00a0wyniku dodania odrobiny szlachetnego czerwonego wina. Jest doskona\u0142\u0105 kompozycj\u0105 trzech szczep\u00f3w: Pinot Noir (40-50% z\u00a0czego 10% to czerwone wino), Pinot Meunier (30-40%) Chardonnay (10%-20%). Dzi\u0119ki czemu uzyska\u0142 wytrawny smak a\u00a0jego aromat zosta\u0142 zbudowany na finezyjnym bukiecie czerwonych owoc\u00f3w z\u00a0nutami poziomek, malin i\u00a0wi\u015bni oraz delikatnymi kwiatowymi nutami r\u00f3\u017cy. W\u00a0smaku dominuj\u0105 nuty truskawek, malin i\u00a0czerwonych porzeczek z\u00a0niuansem mi\u0119ty. Idealny, gdy towarzyszy odpowiednio dobranym potrawom, jak i\u00a0jako aperitif o\u00a0zmys\u0142owym aromacie, smaku i\u00a0kolorze<\/p>\n<\/div>\n<\/div>\n<\/div>\n<div class=\"row\"><\/div>\n<\/div>\n<\/div>\n<\/div>\n","protected":false},"excerpt":{"rendered":"<p>Mo\u00ebt &amp; Chandon Ros\u00e9 Imp\u00e9rial to uwodzicielska i\u00a0ekscytuj\u0105ca propozycja Domu Szampa\u0144skiego Mo\u00ebt &amp; Chandon. Szampan wyr\u00f3\u017cnia si\u0119 niezwyk\u0142\u0105 r\u00f3\u017cow\u0105 barw\u0105 r\u00f3\u017cowy z\u00a0bursztynowymi refleksami, powsta\u0142\u0105 w\u00a0wyniku dodania odrobiny szlachetnego czerwonego wina. Jest doskona\u0142\u0105 kompozycj\u0105 trzech szczep\u00f3w: Pinot Noir (40-50% z\u00a0czego 10% to czerwone wino), Pinot Meunier (30-40%) Chardonnay (10%-20%). Dzi\u0119ki czemu uzyska\u0142 wytrawny smak a\u00a0jego aromat [&hellip;]<\/p>\n","protected":false},"featured_media":18016,"template":"","meta":[],"product_brand":[63],"product_cat":[152],"product_tag":[],"class_list":{"0":"post-18013","1":"product","2":"type-product","3":"status-publish","4":"has-post-thumbnail","6":"product_brand-moet","7":"product_cat-szampan","10":"first","11":"instock","12":"taxable","13":"shipping-taxable","14":"purchasable","15":"product-type-simple"},"jetpack_sharing_enabled":true,"_links":{"self":[{"href":"https:\/\/moethennessy-partners.pl\/index.php\/wp-json\/wp\/v2\/product\/18013","targetHints":{"allow":["GET"]}}],"collection":[{"href":"https:\/\/moethennessy-partners.pl\/index.php\/wp-json\/wp\/v2\/product"}],"about":[{"href":"https:\/\/moethennessy-partners.pl\/index.php\/wp-json\/wp\/v2\/types\/product"}],"version-history":[{"count":2,"href":"https:\/\/moethennessy-partners.pl\/index.php\/wp-json\/wp\/v2\/product\/18013\/revisions"}],"predecessor-version":[{"id":18685,"href":"https:\/\/moethennessy-partners.pl\/index.php\/wp-json\/wp\/v2\/product\/18013\/revisions\/18685"}],"wp:featuredmedia":[{"embeddable":true,"href":"https:\/\/moethennessy-partners.pl\/index.php\/wp-json\/wp\/v2\/media\/18016"}],"wp:attachment":[{"href":"https:\/\/moethennessy-partners.pl\/index.php\/wp-json\/wp\/v2\/media?parent=18013"}],"wp:term":[{"taxonomy":"product_brand","embeddable":true,"href":"https:\/\/moethennessy-partners.pl\/index.php\/wp-json\/wp\/v2\/product_brand?post=18013"},{"taxonomy":"product_cat","embeddable":true,"href":"https:\/\/moethennessy-partners.pl\/index.php\/wp-json\/wp\/v2\/product_cat?post=18013"},{"taxonomy":"product_tag","embeddable":true,"href":"https:\/\/moethennessy-partners.pl\/index.php\/wp-json\/wp\/v2\/product_tag?post=18013"}],"curies":[{"name":"wp","href":"https:\/\/api.w.org\/{rel}","templated":true}]}}