{"id":18046,"date":"2022-06-09T10:40:53","date_gmt":"2022-06-09T08:40:53","guid":{"rendered":"https:\/\/moethennessy-partners.pl\/?post_type=product&#038;p=18046"},"modified":"2026-03-20T13:44:40","modified_gmt":"2026-03-20T12:44:40","slug":"ardbeg-uigeadail-0-7l","status":"publish","type":"product","link":"https:\/\/moethennessy-partners.pl\/index.php\/product\/ardbeg-uigeadail-0-7l\/","title":{"rendered":"ARDBEG UIGEADAIL &#8211; 0.7L"},"content":{"rendered":"<p>Ardbeg Uigeadail\u00a0to whisky, kt\u00f3r\u0105 wypuszczono w 2003 roku jako nierozcie\u0144czone uzupe\u0142nienie aktualnego asortymentu. Intensywny dym z ogniska rozpalonego na nadmorskiej pla\u017cy miesza si\u0119 z aromatami s\u0142odowymi i kakao. W smaku bardzo g\u0142adka, bogata i skoncentrowana. Ekscytuj\u0105cy atak torfu i smo\u0142y \u0142agodzi koj\u0105ca tekstura sherry i lukrecji. Posmak dymu i herbatnik\u00f3w d\u0142ugo pozostaje na j\u0119zyku.<\/p>\n","protected":false},"excerpt":{"rendered":"<p>Ardbeg Uigeadail\u00a0to whisky, kt\u00f3r\u0105 wypuszczono w 2003 roku jako nierozcie\u0144czone uzupe\u0142nienie aktualnego asortymentu. Intensywny dym z ogniska rozpalonego na nadmorskiej pla\u017cy miesza si\u0119 z aromatami s\u0142odowymi i kakao. W smaku bardzo g\u0142adka, bogata i skoncentrowana. Ekscytuj\u0105cy atak torfu i smo\u0142y \u0142agodzi koj\u0105ca tekstura sherry i lukrecji. Posmak dymu i herbatnik\u00f3w d\u0142ugo pozostaje na j\u0119zyku.<\/p>\n","protected":false},"featured_media":18028,"template":"","meta":[],"product_brand":[149],"product_cat":[151],"product_tag":[],"class_list":{"0":"post-18046","1":"product","2":"type-product","3":"status-publish","4":"has-post-thumbnail","6":"product_brand-ardbeg","7":"product_cat-whisky","10":"first","11":"instock","12":"taxable","13":"shipping-taxable","14":"purchasable","15":"product-type-simple"},"jetpack_sharing_enabled":true,"_links":{"self":[{"href":"https:\/\/moethennessy-partners.pl\/index.php\/wp-json\/wp\/v2\/product\/18046","targetHints":{"allow":["GET"]}}],"collection":[{"href":"https:\/\/moethennessy-partners.pl\/index.php\/wp-json\/wp\/v2\/product"}],"about":[{"href":"https:\/\/moethennessy-partners.pl\/index.php\/wp-json\/wp\/v2\/types\/product"}],"version-history":[{"count":1,"href":"https:\/\/moethennessy-partners.pl\/index.php\/wp-json\/wp\/v2\/product\/18046\/revisions"}],"predecessor-version":[{"id":18047,"href":"https:\/\/moethennessy-partners.pl\/index.php\/wp-json\/wp\/v2\/product\/18046\/revisions\/18047"}],"wp:featuredmedia":[{"embeddable":true,"href":"https:\/\/moethennessy-partners.pl\/index.php\/wp-json\/wp\/v2\/media\/18028"}],"wp:attachment":[{"href":"https:\/\/moethennessy-partners.pl\/index.php\/wp-json\/wp\/v2\/media?parent=18046"}],"wp:term":[{"taxonomy":"product_brand","embeddable":true,"href":"https:\/\/moethennessy-partners.pl\/index.php\/wp-json\/wp\/v2\/product_brand?post=18046"},{"taxonomy":"product_cat","embeddable":true,"href":"https:\/\/moethennessy-partners.pl\/index.php\/wp-json\/wp\/v2\/product_cat?post=18046"},{"taxonomy":"product_tag","embeddable":true,"href":"https:\/\/moethennessy-partners.pl\/index.php\/wp-json\/wp\/v2\/product_tag?post=18046"}],"curies":[{"name":"wp","href":"https:\/\/api.w.org\/{rel}","templated":true}]}}