{"id":18048,"date":"2022-06-09T10:41:41","date_gmt":"2022-06-09T08:41:41","guid":{"rendered":"https:\/\/moethennessy-partners.pl\/?post_type=product&#038;p=18048"},"modified":"2026-03-20T13:44:51","modified_gmt":"2026-03-20T12:44:51","slug":"ardbeg-corryvreckan-0-7l","status":"publish","type":"product","link":"https:\/\/moethennessy-partners.pl\/index.php\/product\/ardbeg-corryvreckan-0-7l\/","title":{"rendered":"ARDBEG CORRYVRECKAN- 0.7L"},"content":{"rendered":"<p>Ardbeg Corryvreckan to doskona\u0142a, mocno torfowa, intensywna i intensywna whisky typu single malt. Swoj\u0105 nazw\u0119 zawdzi\u0119cza gro\u017anemu wirowi, znajduj\u0105cemu si\u0119 niedaleko wyspy Islay, kt\u00f3ry pokona\u0107 decyduj\u0105 si\u0119 tylko najodwa\u017cniejsi \u015bmia\u0142kowie. Whisky ma a\u017c 57,1%, jednak sugerowana degustacja powinna przebiega\u0107 bez dodatku wody &#8211; tak, aby zanurzy\u0107 si\u0119 ca\u0142kowicie w dzikich wodach Corryvreckan. W nosie wyczuwalne s\u0105 mocne, torfowe, szpitalne nuty. Ujawniaj\u0105 si\u0119 tak\u017ce akcenty zi\u00f3\u0142, cygara, d\u0119bu beczkowego. Cz\u0119\u015b\u0107 destylatu le\u017cakowa\u0142a 12 lat w beczkach z d\u0119bu francuskiego, cz\u0119\u015b\u0107 w beczkach po bourbonie. Na podniebieniu jest nieco pikantna i ostra, wyczuwalne jednak s\u0105 \u0142agodniejsze nuty migda\u0142\u00f3w, sk\u00f3rki pomara\u0144czowej oraz owoc\u00f3w. Finisz zachwyci wszystkich swoj\u0105 d\u0142ugo\u015bci\u0105 oraz z\u0142o\u017cono\u015bci\u0105.<\/p>\n<p>&nbsp;<\/p>\n","protected":false},"excerpt":{"rendered":"<p>Ardbeg Corryvreckan to doskona\u0142a, mocno torfowa, intensywna i intensywna whisky typu single malt. Swoj\u0105 nazw\u0119 zawdzi\u0119cza gro\u017anemu wirowi, znajduj\u0105cemu si\u0119 niedaleko wyspy Islay, kt\u00f3ry pokona\u0107 decyduj\u0105 si\u0119 tylko najodwa\u017cniejsi \u015bmia\u0142kowie. Whisky ma a\u017c 57,1%, jednak sugerowana degustacja powinna przebiega\u0107 bez dodatku wody &#8211; tak, aby zanurzy\u0107 si\u0119 ca\u0142kowicie w dzikich wodach Corryvreckan. W nosie wyczuwalne [&hellip;]<\/p>\n","protected":false},"featured_media":18731,"template":"","meta":[],"product_brand":[149],"product_cat":[151],"product_tag":[],"class_list":{"0":"post-18048","1":"product","2":"type-product","3":"status-publish","4":"has-post-thumbnail","6":"product_brand-ardbeg","7":"product_cat-whisky","10":"first","11":"instock","12":"taxable","13":"shipping-taxable","14":"purchasable","15":"product-type-simple"},"jetpack_sharing_enabled":true,"_links":{"self":[{"href":"https:\/\/moethennessy-partners.pl\/index.php\/wp-json\/wp\/v2\/product\/18048","targetHints":{"allow":["GET"]}}],"collection":[{"href":"https:\/\/moethennessy-partners.pl\/index.php\/wp-json\/wp\/v2\/product"}],"about":[{"href":"https:\/\/moethennessy-partners.pl\/index.php\/wp-json\/wp\/v2\/types\/product"}],"version-history":[{"count":1,"href":"https:\/\/moethennessy-partners.pl\/index.php\/wp-json\/wp\/v2\/product\/18048\/revisions"}],"predecessor-version":[{"id":18049,"href":"https:\/\/moethennessy-partners.pl\/index.php\/wp-json\/wp\/v2\/product\/18048\/revisions\/18049"}],"wp:featuredmedia":[{"embeddable":true,"href":"https:\/\/moethennessy-partners.pl\/index.php\/wp-json\/wp\/v2\/media\/18731"}],"wp:attachment":[{"href":"https:\/\/moethennessy-partners.pl\/index.php\/wp-json\/wp\/v2\/media?parent=18048"}],"wp:term":[{"taxonomy":"product_brand","embeddable":true,"href":"https:\/\/moethennessy-partners.pl\/index.php\/wp-json\/wp\/v2\/product_brand?post=18048"},{"taxonomy":"product_cat","embeddable":true,"href":"https:\/\/moethennessy-partners.pl\/index.php\/wp-json\/wp\/v2\/product_cat?post=18048"},{"taxonomy":"product_tag","embeddable":true,"href":"https:\/\/moethennessy-partners.pl\/index.php\/wp-json\/wp\/v2\/product_tag?post=18048"}],"curies":[{"name":"wp","href":"https:\/\/api.w.org\/{rel}","templated":true}]}}