{"id":18050,"date":"2022-06-09T10:42:58","date_gmt":"2022-06-09T08:42:58","guid":{"rendered":"https:\/\/moethennessy-partners.pl\/?post_type=product&#038;p=18050"},"modified":"2026-03-20T13:43:50","modified_gmt":"2026-03-20T12:43:50","slug":"glenmorangie-signet-46-0-7l","status":"publish","type":"product","link":"https:\/\/moethennessy-partners.pl\/index.php\/product\/glenmorangie-signet-46-0-7l\/","title":{"rendered":"GLENMORANGIE SIGNET 46% \u2013 0.7L"},"content":{"rendered":"<p>Glenmorangie Signet to whisky pod ka\u017cdym wzgl\u0119dem wyj\u0105tkowa. Dwukolorowa butelka (szk\u0142o, czarne przy szyjce, stopniowo staje si\u0119 coraz ja\u015bniejsze, by przy spodzie butelki sta\u0107 si\u0119 ca\u0142kiem bezbarwne) zamkni\u0119ta w wytwornym, czarnym, kartonowym pude\u0142ku ozdobionym z\u0142otymi elementami graficznymi kryje w sobie szczeg\u00f3lny trunek kupa\u017cowany z kilku destylat\u00f3w (najstarsze maj\u0105 ponad 30 lat). Cz\u0119\u015b\u0107 z nich wyprodukowano z pra\u017conego s\u0142odu z j\u0119czmienia czekoladowego. Aromat Signeta jest g\u0142\u0119boki i s\u0142odko \u2013 gorzki. Nasuwa skojarzenia z espresso, puddingiem \u015bliwkowym, czekolada i rodzynkami. Smak zdecydowanie s\u0142odko korzenny z nutami czekolady i cynamonu. Finisz owocowy, lekko mi\u0119towy i cytrusowy<\/p>\n","protected":false},"excerpt":{"rendered":"<p>Glenmorangie Signet to whisky pod ka\u017cdym wzgl\u0119dem wyj\u0105tkowa. Dwukolorowa butelka (szk\u0142o, czarne przy szyjce, stopniowo staje si\u0119 coraz ja\u015bniejsze, by przy spodzie butelki sta\u0107 si\u0119 ca\u0142kiem bezbarwne) zamkni\u0119ta w wytwornym, czarnym, kartonowym pude\u0142ku ozdobionym z\u0142otymi elementami graficznymi kryje w sobie szczeg\u00f3lny trunek kupa\u017cowany z kilku destylat\u00f3w (najstarsze maj\u0105 ponad 30 lat). Cz\u0119\u015b\u0107 z nich wyprodukowano [&hellip;]<\/p>\n","protected":false},"featured_media":18031,"template":"","meta":[],"product_brand":[148],"product_cat":[151],"product_tag":[],"class_list":{"0":"post-18050","1":"product","2":"type-product","3":"status-publish","4":"has-post-thumbnail","6":"product_brand-glenmorrangie","7":"product_cat-whisky","10":"first","11":"instock","12":"taxable","13":"shipping-taxable","14":"purchasable","15":"product-type-simple"},"jetpack_sharing_enabled":true,"_links":{"self":[{"href":"https:\/\/moethennessy-partners.pl\/index.php\/wp-json\/wp\/v2\/product\/18050","targetHints":{"allow":["GET"]}}],"collection":[{"href":"https:\/\/moethennessy-partners.pl\/index.php\/wp-json\/wp\/v2\/product"}],"about":[{"href":"https:\/\/moethennessy-partners.pl\/index.php\/wp-json\/wp\/v2\/types\/product"}],"version-history":[{"count":1,"href":"https:\/\/moethennessy-partners.pl\/index.php\/wp-json\/wp\/v2\/product\/18050\/revisions"}],"predecessor-version":[{"id":18051,"href":"https:\/\/moethennessy-partners.pl\/index.php\/wp-json\/wp\/v2\/product\/18050\/revisions\/18051"}],"wp:featuredmedia":[{"embeddable":true,"href":"https:\/\/moethennessy-partners.pl\/index.php\/wp-json\/wp\/v2\/media\/18031"}],"wp:attachment":[{"href":"https:\/\/moethennessy-partners.pl\/index.php\/wp-json\/wp\/v2\/media?parent=18050"}],"wp:term":[{"taxonomy":"product_brand","embeddable":true,"href":"https:\/\/moethennessy-partners.pl\/index.php\/wp-json\/wp\/v2\/product_brand?post=18050"},{"taxonomy":"product_cat","embeddable":true,"href":"https:\/\/moethennessy-partners.pl\/index.php\/wp-json\/wp\/v2\/product_cat?post=18050"},{"taxonomy":"product_tag","embeddable":true,"href":"https:\/\/moethennessy-partners.pl\/index.php\/wp-json\/wp\/v2\/product_tag?post=18050"}],"curies":[{"name":"wp","href":"https:\/\/api.w.org\/{rel}","templated":true}]}}