{"id":18056,"date":"2022-06-09T10:46:43","date_gmt":"2022-06-09T08:46:43","guid":{"rendered":"https:\/\/moethennessy-partners.pl\/?post_type=product&#038;p=18056"},"modified":"2026-03-20T14:00:26","modified_gmt":"2026-03-20T13:00:26","slug":"cloudy-bay-pinot-noir-2019-075l","status":"publish","type":"product","link":"https:\/\/moethennessy-partners.pl\/index.php\/product\/cloudy-bay-pinot-noir-2019-075l\/","title":{"rendered":"CLOUDY BAY PINOT NOIR \u2013 0,75L"},"content":{"rendered":"<p>Cloudy Bay Pinot Noir to z\u0142o\u017cone i urocze wino, kt\u00f3re zachwyca zmys\u0142ami od pierwszej degustacji. Asortyment jest w 12 miesi\u0119cy w beczkach francuskiego d\u0119bu (z czego 35% nowy), gdzie rozwija z\u0142o\u017cony charakter, niezwyk\u0142\u0105 osobowo\u015b\u0107 i ekstrawagancki bukiet. Winogrona Pinot Noir, kt\u00f3re tworz\u0105 wino, s\u0105 zbierane z regionu Marlborough, znanego ze specyfiki gliny gleby. Asortyment w ko\u0144cu cieszy si\u0119 zas\u0142u\u017conym uznaniem, bior\u0105c pod uwag\u0119, \u017ce od dawna stoi w cieniu asortymentu gwiazd, Sauvignon Blanc.\u00a0Bogata mieszanka nut r\u00f3\u017cy, fio\u0142ka, dobrze upieczonych jag\u00f3d, wi\u015bni i soczystych \u015bliwek.\u00a0Dobrze zorganizowany bukiet z aksamitnymi garbnikami, zdominowany przez bogate aromaty jag\u00f3d, trawiaste akcenty, d\u0119bowe nuty i przyprawy.<\/p>\n","protected":false},"excerpt":{"rendered":"<p>Cloudy Bay Pinot Noir to z\u0142o\u017cone i urocze wino, kt\u00f3re zachwyca zmys\u0142ami od pierwszej degustacji. Asortyment jest w 12 miesi\u0119cy w beczkach francuskiego d\u0119bu (z czego 35% nowy), gdzie rozwija z\u0142o\u017cony charakter, niezwyk\u0142\u0105 osobowo\u015b\u0107 i ekstrawagancki bukiet. Winogrona Pinot Noir, kt\u00f3re tworz\u0105 wino, s\u0105 zbierane z regionu Marlborough, znanego ze specyfiki gliny gleby. Asortyment w [&hellip;]<\/p>\n","protected":false},"featured_media":19638,"template":"","meta":[],"product_brand":[150],"product_cat":[167],"product_tag":[],"class_list":{"0":"post-18056","1":"product","2":"type-product","3":"status-publish","4":"has-post-thumbnail","6":"product_brand-wines","7":"product_cat-wines","10":"first","11":"instock","12":"taxable","13":"shipping-taxable","14":"purchasable","15":"product-type-simple"},"jetpack_sharing_enabled":true,"_links":{"self":[{"href":"https:\/\/moethennessy-partners.pl\/index.php\/wp-json\/wp\/v2\/product\/18056","targetHints":{"allow":["GET"]}}],"collection":[{"href":"https:\/\/moethennessy-partners.pl\/index.php\/wp-json\/wp\/v2\/product"}],"about":[{"href":"https:\/\/moethennessy-partners.pl\/index.php\/wp-json\/wp\/v2\/types\/product"}],"version-history":[{"count":6,"href":"https:\/\/moethennessy-partners.pl\/index.php\/wp-json\/wp\/v2\/product\/18056\/revisions"}],"predecessor-version":[{"id":19845,"href":"https:\/\/moethennessy-partners.pl\/index.php\/wp-json\/wp\/v2\/product\/18056\/revisions\/19845"}],"wp:featuredmedia":[{"embeddable":true,"href":"https:\/\/moethennessy-partners.pl\/index.php\/wp-json\/wp\/v2\/media\/19638"}],"wp:attachment":[{"href":"https:\/\/moethennessy-partners.pl\/index.php\/wp-json\/wp\/v2\/media?parent=18056"}],"wp:term":[{"taxonomy":"product_brand","embeddable":true,"href":"https:\/\/moethennessy-partners.pl\/index.php\/wp-json\/wp\/v2\/product_brand?post=18056"},{"taxonomy":"product_cat","embeddable":true,"href":"https:\/\/moethennessy-partners.pl\/index.php\/wp-json\/wp\/v2\/product_cat?post=18056"},{"taxonomy":"product_tag","embeddable":true,"href":"https:\/\/moethennessy-partners.pl\/index.php\/wp-json\/wp\/v2\/product_tag?post=18056"}],"curies":[{"name":"wp","href":"https:\/\/api.w.org\/{rel}","templated":true}]}}