{"id":18059,"date":"2022-06-09T10:48:46","date_gmt":"2022-06-09T08:48:46","guid":{"rendered":"https:\/\/moethennessy-partners.pl\/?post_type=product&#038;p=18059"},"modified":"2026-03-20T14:00:18","modified_gmt":"2026-03-20T13:00:18","slug":"cloudy-bay-sauvignion-blanc-2019-075l","status":"publish","type":"product","link":"https:\/\/moethennessy-partners.pl\/index.php\/product\/cloudy-bay-sauvignion-blanc-2019-075l\/","title":{"rendered":"CLOUDY BAY SAUVIGNION BLANC \u2013 0,75L"},"content":{"rendered":"<p>Legendarne nowozelandzkie wino, kt\u00f3re uznawane jest za archetyp Sauvignon Blanc- pe\u0142ne charakterystycznej owocowo\u015bci, z nutami agrestu, cytrus\u00f3w i lekko mineralnym finiszem. Na charakter wina zdecydowanie wyp\u0142ywa miejsce jego powstania- Malborough cechuje d\u0142ugi sezon wegetacyjny, dni pe\u0142ne s\u0142o\u0144ca, ch\u0142odne noce, niewielka ilo\u015b\u0107 opad\u00f3w. W\u0142a\u015bnie w tym miejscu, niemal 40 lat temu, powsta\u0142y pierwsze wina w Nowej Zelandii.Winogrona, kt\u00f3re wyselekcjonowano, zebrane zosta\u0142y w winnicach zlokalizowanych w Rapaura, Fairhall, Renwick, Brancott w dolinie Wairau- o zr\u00f3\u017cnicowanych glebach, od kamienistych piask\u00f3w po i\u0142\u0142y i glin\u0119. Zbiory owoc\u00f3w rozpoczynaj\u0105 si\u0119 w marcu, podczas ch\u0142odnych nocy i porank\u00f3w, za\u015b po fermentacji w stalowych kadziach do kupa\u017cowania wybierane s\u0105 tylko te komponenty, kt\u00f3re w pe\u0142ni oddaj\u0105 ducha niezwyk\u0142ego miejsca powstania- dlatego te\u017c Claudy Bay jest synonimem niezmiennie wysokiej jako\u015bci. Jasna, klarowna ziele\u0144 i kusz\u0105cy, rze\u015bki\u00a0aromat\u00a0s\u0105 preludium do owocowych, cytrusowych nut z wyczuwalnym agrestem, czarn\u0105 porzeczk\u0105 i li\u015b\u0107mi pomidora.\u00a0Na podniebieniu\u00a0wino jest z\u0142o\u017cone i pe\u0142ne werwy, z dominuj\u0105c\u0105 sk\u00f3rk\u0105 cytrus\u00f3w, orze\u017awiaj\u0105c\u0105 kwasowo\u015bci\u0105. Na\u00a0finiszu\u00a0nabiera mi\u0119kko\u015bci, g\u0142adko\u015bci ale i lekko mineralnych nut. Znakomicie komponuje si\u0119 z owocami morza, potrawami kuchni wschodu, rybami i warzywami, kt\u00f3rych lekko\u015b\u0107 podkre\u015blaj\u0105 delikatne aromaty wina; z uwagi na sw\u0105 struktur\u0119 sprawdzi si\u0119 tak\u017ce w towarzystwie da\u0144 serwowanych z sosami.<\/p>\n","protected":false},"excerpt":{"rendered":"<p>Legendarne nowozelandzkie wino, kt\u00f3re uznawane jest za archetyp Sauvignon Blanc- pe\u0142ne charakterystycznej owocowo\u015bci, z nutami agrestu, cytrus\u00f3w i lekko mineralnym finiszem. Na charakter wina zdecydowanie wyp\u0142ywa miejsce jego powstania- Malborough cechuje d\u0142ugi sezon wegetacyjny, dni pe\u0142ne s\u0142o\u0144ca, ch\u0142odne noce, niewielka ilo\u015b\u0107 opad\u00f3w. W\u0142a\u015bnie w tym miejscu, niemal 40 lat temu, powsta\u0142y pierwsze wina w Nowej [&hellip;]<\/p>\n","protected":false},"featured_media":19621,"template":"","meta":[],"product_brand":[150],"product_cat":[167],"product_tag":[],"class_list":{"0":"post-18059","1":"product","2":"type-product","3":"status-publish","4":"has-post-thumbnail","6":"product_brand-wines","7":"product_cat-wines","10":"first","11":"instock","12":"taxable","13":"shipping-taxable","14":"purchasable","15":"product-type-simple"},"jetpack_sharing_enabled":true,"_links":{"self":[{"href":"https:\/\/moethennessy-partners.pl\/index.php\/wp-json\/wp\/v2\/product\/18059","targetHints":{"allow":["GET"]}}],"collection":[{"href":"https:\/\/moethennessy-partners.pl\/index.php\/wp-json\/wp\/v2\/product"}],"about":[{"href":"https:\/\/moethennessy-partners.pl\/index.php\/wp-json\/wp\/v2\/types\/product"}],"version-history":[{"count":5,"href":"https:\/\/moethennessy-partners.pl\/index.php\/wp-json\/wp\/v2\/product\/18059\/revisions"}],"predecessor-version":[{"id":19622,"href":"https:\/\/moethennessy-partners.pl\/index.php\/wp-json\/wp\/v2\/product\/18059\/revisions\/19622"}],"wp:featuredmedia":[{"embeddable":true,"href":"https:\/\/moethennessy-partners.pl\/index.php\/wp-json\/wp\/v2\/media\/19621"}],"wp:attachment":[{"href":"https:\/\/moethennessy-partners.pl\/index.php\/wp-json\/wp\/v2\/media?parent=18059"}],"wp:term":[{"taxonomy":"product_brand","embeddable":true,"href":"https:\/\/moethennessy-partners.pl\/index.php\/wp-json\/wp\/v2\/product_brand?post=18059"},{"taxonomy":"product_cat","embeddable":true,"href":"https:\/\/moethennessy-partners.pl\/index.php\/wp-json\/wp\/v2\/product_cat?post=18059"},{"taxonomy":"product_tag","embeddable":true,"href":"https:\/\/moethennessy-partners.pl\/index.php\/wp-json\/wp\/v2\/product_tag?post=18059"}],"curies":[{"name":"wp","href":"https:\/\/api.w.org\/{rel}","templated":true}]}}