{"id":18120,"date":"2022-06-09T15:32:15","date_gmt":"2022-06-09T13:32:15","guid":{"rendered":"https:\/\/moethennessy-partners.pl\/?post_type=product&#038;p=18120"},"modified":"2026-03-20T13:49:30","modified_gmt":"2026-03-20T12:49:30","slug":"ruinart-rose-kart-075l","status":"publish","type":"product","link":"https:\/\/moethennessy-partners.pl\/index.php\/product\/ruinart-rose-kart-075l\/","title":{"rendered":"RUINART ROSE KART. \u2013 0,75L"},"content":{"rendered":"<p>Ruinart Ros\u00e9 prezentuje wysublimowany z\u0142oto-r\u00f3\u017cowy kolor. Aromat wina jest \u0142agodny, subtelny i\u00a0\u015bwie\u017cy, zdominowany przez nuty wi\u015bni i\u00a0\u015bwie\u017co zebranych jag\u00f3d. Szampan zmys\u0142owo owocowy, wspaniale od\u015bwie\u017caj\u0105cy, z\u0142o\u017cony i\u00a0wyj\u0105tkowo dobrze zbalansowany. Niezast\u0105piony jako wieczorny aperitif. Jego owocowe nuty doskonale pasuj\u0105 do wielu potraw, na przyk\u0142ad andaluzyjskiego gazpacho czy sashimi ze \u015bwie\u017cego tu\u0144czyka. Sw\u00f3j styl i\u00a0elegancj\u0119 wariant ten zawdzi\u0119cza kompozycji win bia\u0142ych i\u00a0czerwonych, o\u00a0wysokiej zawarto\u015bci Chardonnay z\u00a0przewag\u0105 Pinot Noir.<\/p>\n","protected":false},"excerpt":{"rendered":"<p>Ruinart Ros\u00e9 prezentuje wysublimowany z\u0142oto-r\u00f3\u017cowy kolor. Aromat wina jest \u0142agodny, subtelny i\u00a0\u015bwie\u017cy, zdominowany przez nuty wi\u015bni i\u00a0\u015bwie\u017co zebranych jag\u00f3d. Szampan zmys\u0142owo owocowy, wspaniale od\u015bwie\u017caj\u0105cy, z\u0142o\u017cony i\u00a0wyj\u0105tkowo dobrze zbalansowany. Niezast\u0105piony jako wieczorny aperitif. Jego owocowe nuty doskonale pasuj\u0105 do wielu potraw, na przyk\u0142ad andaluzyjskiego gazpacho czy sashimi ze \u015bwie\u017cego tu\u0144czyka. Sw\u00f3j styl i\u00a0elegancj\u0119 wariant ten zawdzi\u0119cza [&hellip;]<\/p>\n","protected":false},"featured_media":18112,"template":"","meta":[],"product_brand":[68],"product_cat":[152],"product_tag":[],"class_list":{"0":"post-18120","1":"product","2":"type-product","3":"status-publish","4":"has-post-thumbnail","6":"product_brand-ruinart","7":"product_cat-szampan","10":"first","11":"instock","12":"taxable","13":"shipping-taxable","14":"purchasable","15":"product-type-simple"},"jetpack_sharing_enabled":true,"_links":{"self":[{"href":"https:\/\/moethennessy-partners.pl\/index.php\/wp-json\/wp\/v2\/product\/18120","targetHints":{"allow":["GET"]}}],"collection":[{"href":"https:\/\/moethennessy-partners.pl\/index.php\/wp-json\/wp\/v2\/product"}],"about":[{"href":"https:\/\/moethennessy-partners.pl\/index.php\/wp-json\/wp\/v2\/types\/product"}],"version-history":[{"count":1,"href":"https:\/\/moethennessy-partners.pl\/index.php\/wp-json\/wp\/v2\/product\/18120\/revisions"}],"predecessor-version":[{"id":18121,"href":"https:\/\/moethennessy-partners.pl\/index.php\/wp-json\/wp\/v2\/product\/18120\/revisions\/18121"}],"wp:featuredmedia":[{"embeddable":true,"href":"https:\/\/moethennessy-partners.pl\/index.php\/wp-json\/wp\/v2\/media\/18112"}],"wp:attachment":[{"href":"https:\/\/moethennessy-partners.pl\/index.php\/wp-json\/wp\/v2\/media?parent=18120"}],"wp:term":[{"taxonomy":"product_brand","embeddable":true,"href":"https:\/\/moethennessy-partners.pl\/index.php\/wp-json\/wp\/v2\/product_brand?post=18120"},{"taxonomy":"product_cat","embeddable":true,"href":"https:\/\/moethennessy-partners.pl\/index.php\/wp-json\/wp\/v2\/product_cat?post=18120"},{"taxonomy":"product_tag","embeddable":true,"href":"https:\/\/moethennessy-partners.pl\/index.php\/wp-json\/wp\/v2\/product_tag?post=18120"}],"curies":[{"name":"wp","href":"https:\/\/api.w.org\/{rel}","templated":true}]}}