{"id":18122,"date":"2022-06-09T15:33:01","date_gmt":"2022-06-09T13:33:01","guid":{"rendered":"https:\/\/moethennessy-partners.pl\/?post_type=product&#038;p=18122"},"modified":"2026-03-20T13:49:19","modified_gmt":"2026-03-20T12:49:19","slug":"ruinart-blanc-de-blancs-075l","status":"publish","type":"product","link":"https:\/\/moethennessy-partners.pl\/index.php\/product\/ruinart-blanc-de-blancs-075l\/","title":{"rendered":"RUINART BLANC DE BLANCS \u2013 0,75L\/ BEZ KARTONU"},"content":{"rendered":"<div class=\"description\">\n<div class=\"row\">\n<div class=\"small-12 large-6 end columns\">\n<div class=\"product-description mb30\">\n<p class=\"jquery-typographer jquery-typographer-orphan\">Ruinart Blanc de Blancs to szampan skomponowany wy\u0142\u0105cznie z\u00a0wyselekcjonowanych winogron szczepu Chardonnay. Charakteryzuje si\u0119 \u015bwietlistym, jasnoz\u0142otym kolorem. Ruinart Blanc de Blancs \u0142\u0105czy finezyjne nuty \u015bwie\u017cych owoc\u00f3w, g\u0142\u00f3wnie cytrus\u00f3w z\u00a0aromatami kwiat\u00f3w. Jest niezast\u0105piony jako aperitif w\u00a0letnie popo\u0142udnia. Idealnie komponuje si\u0119 z\u00a0owocami morza, takimi jak ostrygi czy krewetki, grillowan\u0105 sol\u0105 czy sashimi.<\/p>\n<\/div>\n<\/div>\n<\/div>\n<div class=\"row\"><\/div>\n<\/div>\n<form class=\"cart\" enctype=\"multipart\/form-data\" method=\"post\">\n<div class=\"quantity-button\">\n<div class=\"quantity\"><\/div>\n<\/div>\n<\/form>\n","protected":false},"excerpt":{"rendered":"<p>Ruinart Blanc de Blancs to szampan skomponowany wy\u0142\u0105cznie z\u00a0wyselekcjonowanych winogron szczepu Chardonnay. Charakteryzuje si\u0119 \u015bwietlistym, jasnoz\u0142otym kolorem. Ruinart Blanc de Blancs \u0142\u0105czy finezyjne nuty \u015bwie\u017cych owoc\u00f3w, g\u0142\u00f3wnie cytrus\u00f3w z\u00a0aromatami kwiat\u00f3w. Jest niezast\u0105piony jako aperitif w\u00a0letnie popo\u0142udnia. Idealnie komponuje si\u0119 z\u00a0owocami morza, takimi jak ostrygi czy krewetki, grillowan\u0105 sol\u0105 czy sashimi.<\/p>\n","protected":false},"featured_media":19247,"template":"","meta":[],"product_brand":[68],"product_cat":[152],"product_tag":[],"class_list":{"0":"post-18122","1":"product","2":"type-product","3":"status-publish","4":"has-post-thumbnail","6":"product_brand-ruinart","7":"product_cat-szampan","10":"first","11":"instock","12":"taxable","13":"shipping-taxable","14":"purchasable","15":"product-type-simple"},"jetpack_sharing_enabled":true,"_links":{"self":[{"href":"https:\/\/moethennessy-partners.pl\/index.php\/wp-json\/wp\/v2\/product\/18122","targetHints":{"allow":["GET"]}}],"collection":[{"href":"https:\/\/moethennessy-partners.pl\/index.php\/wp-json\/wp\/v2\/product"}],"about":[{"href":"https:\/\/moethennessy-partners.pl\/index.php\/wp-json\/wp\/v2\/types\/product"}],"version-history":[{"count":2,"href":"https:\/\/moethennessy-partners.pl\/index.php\/wp-json\/wp\/v2\/product\/18122\/revisions"}],"predecessor-version":[{"id":18931,"href":"https:\/\/moethennessy-partners.pl\/index.php\/wp-json\/wp\/v2\/product\/18122\/revisions\/18931"}],"wp:featuredmedia":[{"embeddable":true,"href":"https:\/\/moethennessy-partners.pl\/index.php\/wp-json\/wp\/v2\/media\/19247"}],"wp:attachment":[{"href":"https:\/\/moethennessy-partners.pl\/index.php\/wp-json\/wp\/v2\/media?parent=18122"}],"wp:term":[{"taxonomy":"product_brand","embeddable":true,"href":"https:\/\/moethennessy-partners.pl\/index.php\/wp-json\/wp\/v2\/product_brand?post=18122"},{"taxonomy":"product_cat","embeddable":true,"href":"https:\/\/moethennessy-partners.pl\/index.php\/wp-json\/wp\/v2\/product_cat?post=18122"},{"taxonomy":"product_tag","embeddable":true,"href":"https:\/\/moethennessy-partners.pl\/index.php\/wp-json\/wp\/v2\/product_tag?post=18122"}],"curies":[{"name":"wp","href":"https:\/\/api.w.org\/{rel}","templated":true}]}}