{"id":18124,"date":"2022-06-09T15:33:38","date_gmt":"2022-06-09T13:33:38","guid":{"rendered":"https:\/\/moethennessy-partners.pl\/?post_type=product&#038;p=18124"},"modified":"2026-03-20T13:49:06","modified_gmt":"2026-03-20T12:49:06","slug":"ruinart-de-ruinart-kart-075l","status":"publish","type":"product","link":"https:\/\/moethennessy-partners.pl\/index.php\/product\/ruinart-de-ruinart-kart-075l\/","title":{"rendered":"RUINART DE RUINART \u2013 0,75L"},"content":{"rendered":"<div class=\"description\">\n<p>R de Ruinart jest efektem wyrafinowanej sztuki harmonijnego komponowania win wytworzonych z\u00a0winogron Chardonnay i\u00a0Pinot Noir. To z\u0142ocisty, orze\u017awiaj\u0105cy szampan pe\u0142en subtelnych aromat\u00f3w bia\u0142ych owoc\u00f3w. Jak wszystkie szampany Ruinart, wyr\u00f3\u017cnia si\u0119 niezwykle delikatnymi b\u0105belkami unosz\u0105cymi si\u0119 w\u00a0smuk\u0142ej, nieprzerwanej, prostej linii. Jest to wyj\u0105tkowy aperitif do posi\u0142k\u00f3w, w\u00a0kt\u00f3rych szampan jest jedynym serwowanym winem.<\/p>\n<\/div>\n<form class=\"cart\" enctype=\"multipart\/form-data\" method=\"post\">\n<div class=\"quantity-button\">\n<div class=\"quantity\"><\/div>\n<\/div>\n<\/form>\n","protected":false},"excerpt":{"rendered":"<p>R de Ruinart jest efektem wyrafinowanej sztuki harmonijnego komponowania win wytworzonych z\u00a0winogron Chardonnay i\u00a0Pinot Noir. To z\u0142ocisty, orze\u017awiaj\u0105cy szampan pe\u0142en subtelnych aromat\u00f3w bia\u0142ych owoc\u00f3w. Jak wszystkie szampany Ruinart, wyr\u00f3\u017cnia si\u0119 niezwykle delikatnymi b\u0105belkami unosz\u0105cymi si\u0119 w\u00a0smuk\u0142ej, nieprzerwanej, prostej linii. Jest to wyj\u0105tkowy aperitif do posi\u0142k\u00f3w, w\u00a0kt\u00f3rych szampan jest jedynym serwowanym winem.<\/p>\n","protected":false},"featured_media":18683,"template":"","meta":[],"product_brand":[68],"product_cat":[152],"product_tag":[],"class_list":{"0":"post-18124","1":"product","2":"type-product","3":"status-publish","4":"has-post-thumbnail","6":"product_brand-ruinart","7":"product_cat-szampan","10":"first","11":"instock","12":"taxable","13":"shipping-taxable","14":"purchasable","15":"product-type-simple"},"jetpack_sharing_enabled":true,"_links":{"self":[{"href":"https:\/\/moethennessy-partners.pl\/index.php\/wp-json\/wp\/v2\/product\/18124","targetHints":{"allow":["GET"]}}],"collection":[{"href":"https:\/\/moethennessy-partners.pl\/index.php\/wp-json\/wp\/v2\/product"}],"about":[{"href":"https:\/\/moethennessy-partners.pl\/index.php\/wp-json\/wp\/v2\/types\/product"}],"version-history":[{"count":2,"href":"https:\/\/moethennessy-partners.pl\/index.php\/wp-json\/wp\/v2\/product\/18124\/revisions"}],"predecessor-version":[{"id":18684,"href":"https:\/\/moethennessy-partners.pl\/index.php\/wp-json\/wp\/v2\/product\/18124\/revisions\/18684"}],"wp:featuredmedia":[{"embeddable":true,"href":"https:\/\/moethennessy-partners.pl\/index.php\/wp-json\/wp\/v2\/media\/18683"}],"wp:attachment":[{"href":"https:\/\/moethennessy-partners.pl\/index.php\/wp-json\/wp\/v2\/media?parent=18124"}],"wp:term":[{"taxonomy":"product_brand","embeddable":true,"href":"https:\/\/moethennessy-partners.pl\/index.php\/wp-json\/wp\/v2\/product_brand?post=18124"},{"taxonomy":"product_cat","embeddable":true,"href":"https:\/\/moethennessy-partners.pl\/index.php\/wp-json\/wp\/v2\/product_cat?post=18124"},{"taxonomy":"product_tag","embeddable":true,"href":"https:\/\/moethennessy-partners.pl\/index.php\/wp-json\/wp\/v2\/product_tag?post=18124"}],"curies":[{"name":"wp","href":"https:\/\/api.w.org\/{rel}","templated":true}]}}