{"id":18140,"date":"2022-06-09T15:41:54","date_gmt":"2022-06-09T13:41:54","guid":{"rendered":"https:\/\/moethennessy-partners.pl\/?post_type=product&#038;p=18140"},"modified":"2026-03-20T13:54:20","modified_gmt":"2026-03-20T12:54:20","slug":"veuve-clicquot-brut-rose-kart-075l","status":"publish","type":"product","link":"https:\/\/moethennessy-partners.pl\/index.php\/product\/veuve-clicquot-brut-rose-kart-075l\/","title":{"rendered":"VEUVE CLICQUOT BRUT ROS\u00c9 KART. \u2013 0,75L"},"content":{"rendered":"<div class=\"description\">\n<p>Szampan Veuve Clicquot Ros\u00e9 nazywany jest r\u00f3\u017cow\u0105 wariacj\u0105 na temat Veuve Clicquot Brut. Powstaje z\u00a0po\u0142\u0105czenia Veuve Clicquot Brut i\u00a012% czerwonego wina tworzonego z\u00a0winogron z\u00a0najlepszych winnic wok\u00f3\u0142 Reims. Tym samym \u0142\u0105czy najlepsze cechy Veuve Clicquot Brut \u2013 doskona\u0142\u0105 struktur\u0119, szlachetno\u015b\u0107 i\u00a0\u015bwie\u017co\u015b\u0107 \u2013 z\u00a0uwodzicielskim twistem. Dominuj\u0105ce nuty malin, poziomek i\u00a0wi\u015bni dope\u0142nia niuans \u015bwie\u017co pieczonego ciasta i\u00a0suszonych owoc\u00f3w. Veuve Clicquot Ros\u00e9 to szampan towarzysz\u0105cy romantycznym i\u00a0zmys\u0142owym momentom.<\/p>\n<\/div>\n<form class=\"cart\" enctype=\"multipart\/form-data\" method=\"post\">\n<div class=\"quantity-button\">\n<div class=\"quantity\"><\/div>\n<\/div>\n<\/form>\n","protected":false},"excerpt":{"rendered":"<p>Szampan Veuve Clicquot Ros\u00e9 nazywany jest r\u00f3\u017cow\u0105 wariacj\u0105 na temat Veuve Clicquot Brut. Powstaje z\u00a0po\u0142\u0105czenia Veuve Clicquot Brut i\u00a012% czerwonego wina tworzonego z\u00a0winogron z\u00a0najlepszych winnic wok\u00f3\u0142 Reims. Tym samym \u0142\u0105czy najlepsze cechy Veuve Clicquot Brut \u2013 doskona\u0142\u0105 struktur\u0119, szlachetno\u015b\u0107 i\u00a0\u015bwie\u017co\u015b\u0107 \u2013 z\u00a0uwodzicielskim twistem. Dominuj\u0105ce nuty malin, poziomek i\u00a0wi\u015bni dope\u0142nia niuans \u015bwie\u017co pieczonego ciasta i\u00a0suszonych owoc\u00f3w. [&hellip;]<\/p>\n","protected":false},"featured_media":19646,"template":"","meta":[],"product_brand":[64],"product_cat":[152],"product_tag":[],"class_list":{"0":"post-18140","1":"product","2":"type-product","3":"status-publish","4":"has-post-thumbnail","6":"product_brand-veuve","7":"product_cat-szampan","10":"first","11":"instock","12":"taxable","13":"shipping-taxable","14":"purchasable","15":"product-type-simple"},"jetpack_sharing_enabled":true,"_links":{"self":[{"href":"https:\/\/moethennessy-partners.pl\/index.php\/wp-json\/wp\/v2\/product\/18140","targetHints":{"allow":["GET"]}}],"collection":[{"href":"https:\/\/moethennessy-partners.pl\/index.php\/wp-json\/wp\/v2\/product"}],"about":[{"href":"https:\/\/moethennessy-partners.pl\/index.php\/wp-json\/wp\/v2\/types\/product"}],"version-history":[{"count":1,"href":"https:\/\/moethennessy-partners.pl\/index.php\/wp-json\/wp\/v2\/product\/18140\/revisions"}],"predecessor-version":[{"id":18141,"href":"https:\/\/moethennessy-partners.pl\/index.php\/wp-json\/wp\/v2\/product\/18140\/revisions\/18141"}],"wp:featuredmedia":[{"embeddable":true,"href":"https:\/\/moethennessy-partners.pl\/index.php\/wp-json\/wp\/v2\/media\/19646"}],"wp:attachment":[{"href":"https:\/\/moethennessy-partners.pl\/index.php\/wp-json\/wp\/v2\/media?parent=18140"}],"wp:term":[{"taxonomy":"product_brand","embeddable":true,"href":"https:\/\/moethennessy-partners.pl\/index.php\/wp-json\/wp\/v2\/product_brand?post=18140"},{"taxonomy":"product_cat","embeddable":true,"href":"https:\/\/moethennessy-partners.pl\/index.php\/wp-json\/wp\/v2\/product_cat?post=18140"},{"taxonomy":"product_tag","embeddable":true,"href":"https:\/\/moethennessy-partners.pl\/index.php\/wp-json\/wp\/v2\/product_tag?post=18140"}],"curies":[{"name":"wp","href":"https:\/\/api.w.org\/{rel}","templated":true}]}}