{"id":19464,"date":"2024-03-18T12:57:34","date_gmt":"2024-03-18T11:57:34","guid":{"rendered":"https:\/\/moethennessy-partners.pl\/?post_type=product&#038;p=19464"},"modified":"2025-06-25T10:34:46","modified_gmt":"2025-06-25T08:34:46","slug":"terrazas-reserva-malbec-2022-075l","status":"publish","type":"product","link":"https:\/\/moethennessy-partners.pl\/index.php\/product\/terrazas-reserva-malbec-2022-075l\/","title":{"rendered":"TERRAZAS RESERVA MALBEC 0,75L"},"content":{"rendered":"<p>Terrazas Malbec jest g\u0142\u0119boki, ciemny i wspania\u0142y z bogat\u0105 je\u017cyn\u0105, morw\u0105, dojrza\u0142ymi ciemnymi owocami i pikantnymi smakami ko\u0144cz\u0105cymi si\u0119 d\u0142ugo na podniebieniu z przyjazn\u0105 dla \u017cywno\u015bci kwasowo\u015bci\u0105.<\/p>\n","protected":false},"excerpt":{"rendered":"<p>Terrazas Malbec jest g\u0142\u0119boki, ciemny i wspania\u0142y z bogat\u0105 je\u017cyn\u0105, morw\u0105, dojrza\u0142ymi ciemnymi owocami i pikantnymi smakami ko\u0144cz\u0105cymi si\u0119 d\u0142ugo na podniebieniu z przyjazn\u0105 dla \u017cywno\u015bci kwasowo\u015bci\u0105.<\/p>\n","protected":false},"featured_media":19252,"template":"","meta":[],"product_brand":[],"product_cat":[167],"product_tag":[],"class_list":{"0":"post-19464","1":"product","2":"type-product","3":"status-publish","4":"has-post-thumbnail","6":"product_cat-wines","9":"first","10":"instock","11":"taxable","12":"shipping-taxable","13":"purchasable","14":"product-type-simple"},"jetpack_sharing_enabled":true,"_links":{"self":[{"href":"https:\/\/moethennessy-partners.pl\/index.php\/wp-json\/wp\/v2\/product\/19464","targetHints":{"allow":["GET"]}}],"collection":[{"href":"https:\/\/moethennessy-partners.pl\/index.php\/wp-json\/wp\/v2\/product"}],"about":[{"href":"https:\/\/moethennessy-partners.pl\/index.php\/wp-json\/wp\/v2\/types\/product"}],"version-history":[{"count":2,"href":"https:\/\/moethennessy-partners.pl\/index.php\/wp-json\/wp\/v2\/product\/19464\/revisions"}],"predecessor-version":[{"id":19620,"href":"https:\/\/moethennessy-partners.pl\/index.php\/wp-json\/wp\/v2\/product\/19464\/revisions\/19620"}],"wp:featuredmedia":[{"embeddable":true,"href":"https:\/\/moethennessy-partners.pl\/index.php\/wp-json\/wp\/v2\/media\/19252"}],"wp:attachment":[{"href":"https:\/\/moethennessy-partners.pl\/index.php\/wp-json\/wp\/v2\/media?parent=19464"}],"wp:term":[{"taxonomy":"product_brand","embeddable":true,"href":"https:\/\/moethennessy-partners.pl\/index.php\/wp-json\/wp\/v2\/product_brand?post=19464"},{"taxonomy":"product_cat","embeddable":true,"href":"https:\/\/moethennessy-partners.pl\/index.php\/wp-json\/wp\/v2\/product_cat?post=19464"},{"taxonomy":"product_tag","embeddable":true,"href":"https:\/\/moethennessy-partners.pl\/index.php\/wp-json\/wp\/v2\/product_tag?post=19464"}],"curies":[{"name":"wp","href":"https:\/\/api.w.org\/{rel}","templated":true}]}}