{"id":19467,"date":"2024-03-18T13:01:38","date_gmt":"2024-03-18T12:01:38","guid":{"rendered":"https:\/\/moethennessy-partners.pl\/?post_type=product&#038;p=19467"},"modified":"2026-03-20T13:57:19","modified_gmt":"2026-03-20T12:57:19","slug":"terrazas-reserva-chardonnay-23-075l","status":"publish","type":"product","link":"https:\/\/moethennessy-partners.pl\/index.php\/product\/terrazas-reserva-chardonnay-23-075l\/","title":{"rendered":"TERRAZAS RESERVA CHARDONNAY 0,75L"},"content":{"rendered":"<p>Doskonale zbalansowane wino, kt\u00f3rego poziom kwasowo\u015bci pozwala cieszy\u0107 si\u0119 subtelnym smakiem Chardonnay, a starzenie w nowych d\u0119bowych beczkach, nadaje mu trwa\u0142o\u015bci i zapewnia mineralny akcent. Charakteryzuje si\u0119 s\u0142omkow\u0105 barw\u0105 ze z\u0142otymi refleksami. Jego bukiet zapewnia \u015bwie\u017cy i owocowy profil soczystej brzoskwini, dojrza\u0142ej gruszki, egzotycznego ananasa i kilku kropel cytryny. Aromaty bia\u0142ych r\u00f3\u017c i pieczywa brioche \u0142\u0105cz\u0105 si\u0119 w doskona\u0142ej kooperatywie z subtelnymi nutami orzecha laskowego i wanilii. Bardzo z\u0142o\u017cony i elegancki efekt. Na podniebieniu pozostawia aksamitne wra\u017cenia.<\/p>\n","protected":false},"excerpt":{"rendered":"<p>Doskonale zbalansowane wino, kt\u00f3rego poziom kwasowo\u015bci pozwala cieszy\u0107 si\u0119 subtelnym smakiem Chardonnay, a starzenie w nowych d\u0119bowych beczkach, nadaje mu trwa\u0142o\u015bci i zapewnia mineralny akcent. Charakteryzuje si\u0119 s\u0142omkow\u0105 barw\u0105 ze z\u0142otymi refleksami. Jego bukiet zapewnia \u015bwie\u017cy i owocowy profil soczystej brzoskwini, dojrza\u0142ej gruszki, egzotycznego ananasa i kilku kropel cytryny. Aromaty bia\u0142ych r\u00f3\u017c i pieczywa brioche [&hellip;]<\/p>\n","protected":false},"featured_media":19618,"template":"","meta":[],"product_brand":[],"product_cat":[167],"product_tag":[],"class_list":{"0":"post-19467","1":"product","2":"type-product","3":"status-publish","4":"has-post-thumbnail","6":"product_cat-wines","9":"first","10":"instock","11":"taxable","12":"shipping-taxable","13":"purchasable","14":"product-type-simple"},"jetpack_sharing_enabled":true,"_links":{"self":[{"href":"https:\/\/moethennessy-partners.pl\/index.php\/wp-json\/wp\/v2\/product\/19467","targetHints":{"allow":["GET"]}}],"collection":[{"href":"https:\/\/moethennessy-partners.pl\/index.php\/wp-json\/wp\/v2\/product"}],"about":[{"href":"https:\/\/moethennessy-partners.pl\/index.php\/wp-json\/wp\/v2\/types\/product"}],"version-history":[{"count":3,"href":"https:\/\/moethennessy-partners.pl\/index.php\/wp-json\/wp\/v2\/product\/19467\/revisions"}],"predecessor-version":[{"id":19619,"href":"https:\/\/moethennessy-partners.pl\/index.php\/wp-json\/wp\/v2\/product\/19467\/revisions\/19619"}],"wp:featuredmedia":[{"embeddable":true,"href":"https:\/\/moethennessy-partners.pl\/index.php\/wp-json\/wp\/v2\/media\/19618"}],"wp:attachment":[{"href":"https:\/\/moethennessy-partners.pl\/index.php\/wp-json\/wp\/v2\/media?parent=19467"}],"wp:term":[{"taxonomy":"product_brand","embeddable":true,"href":"https:\/\/moethennessy-partners.pl\/index.php\/wp-json\/wp\/v2\/product_brand?post=19467"},{"taxonomy":"product_cat","embeddable":true,"href":"https:\/\/moethennessy-partners.pl\/index.php\/wp-json\/wp\/v2\/product_cat?post=19467"},{"taxonomy":"product_tag","embeddable":true,"href":"https:\/\/moethennessy-partners.pl\/index.php\/wp-json\/wp\/v2\/product_tag?post=19467"}],"curies":[{"name":"wp","href":"https:\/\/api.w.org\/{rel}","templated":true}]}}