{"id":19831,"date":"2024-11-19T11:13:34","date_gmt":"2024-11-19T10:13:34","guid":{"rendered":"https:\/\/moethennessy-partners.pl\/?post_type=product&#038;p=19831"},"modified":"2024-11-19T11:13:34","modified_gmt":"2024-11-19T10:13:34","slug":"ardbeg-8yo-for-discussion-07l","status":"publish","type":"product","link":"https:\/\/moethennessy-partners.pl\/index.php\/product\/ardbeg-8yo-for-discussion-07l\/","title":{"rendered":"ARDBEG 8YO FOR DISCUSSION 0,7L"},"content":{"rendered":"","protected":false},"excerpt":{"rendered":"<p>Limitowana edycja Ardbeg 8 Year old For Discussion trafi\u0142 na rynek w Marcu 2021, pocz\u0105tkowo dost\u0119pny tylko i wy\u0142\u0105cznie dla cz\u0142onk\u00f3w Komitetu Ardbega.<\/p>\n","protected":false},"featured_media":19832,"template":"","meta":[],"product_brand":[149],"product_cat":[151],"product_tag":[],"class_list":{"0":"post-19831","1":"product","2":"type-product","3":"status-publish","4":"has-post-thumbnail","6":"product_brand-ardbeg","7":"product_cat-whisky","10":"first","11":"instock","12":"taxable","13":"shipping-taxable","14":"purchasable","15":"product-type-simple"},"jetpack_sharing_enabled":true,"_links":{"self":[{"href":"https:\/\/moethennessy-partners.pl\/index.php\/wp-json\/wp\/v2\/product\/19831","targetHints":{"allow":["GET"]}}],"collection":[{"href":"https:\/\/moethennessy-partners.pl\/index.php\/wp-json\/wp\/v2\/product"}],"about":[{"href":"https:\/\/moethennessy-partners.pl\/index.php\/wp-json\/wp\/v2\/types\/product"}],"version-history":[{"count":1,"href":"https:\/\/moethennessy-partners.pl\/index.php\/wp-json\/wp\/v2\/product\/19831\/revisions"}],"predecessor-version":[{"id":19833,"href":"https:\/\/moethennessy-partners.pl\/index.php\/wp-json\/wp\/v2\/product\/19831\/revisions\/19833"}],"wp:featuredmedia":[{"embeddable":true,"href":"https:\/\/moethennessy-partners.pl\/index.php\/wp-json\/wp\/v2\/media\/19832"}],"wp:attachment":[{"href":"https:\/\/moethennessy-partners.pl\/index.php\/wp-json\/wp\/v2\/media?parent=19831"}],"wp:term":[{"taxonomy":"product_brand","embeddable":true,"href":"https:\/\/moethennessy-partners.pl\/index.php\/wp-json\/wp\/v2\/product_brand?post=19831"},{"taxonomy":"product_cat","embeddable":true,"href":"https:\/\/moethennessy-partners.pl\/index.php\/wp-json\/wp\/v2\/product_cat?post=19831"},{"taxonomy":"product_tag","embeddable":true,"href":"https:\/\/moethennessy-partners.pl\/index.php\/wp-json\/wp\/v2\/product_tag?post=19831"}],"curies":[{"name":"wp","href":"https:\/\/api.w.org\/{rel}","templated":true}]}}